{"id":2627,"date":"2025-07-03T15:36:09","date_gmt":"2025-07-03T15:36:09","guid":{"rendered":"https:\/\/bekosher.eu\/politica-cookies\/"},"modified":"2026-04-27T07:06:05","modified_gmt":"2026-04-27T07:06:05","slug":"politica-cookies","status":"publish","type":"page","link":"https:\/\/bekosher.eu\/fr\/politica-cookies\/","title":{"rendered":"Politique en mati\u00e8re de cookies"},"content":{"rendered":"\t\t<div data-elementor-type=\"wp-page\" data-elementor-id=\"2627\" class=\"elementor elementor-2627 elementor-2516\" data-elementor-post-type=\"page\">\n\t\t\t\t<div class=\"elementor-element elementor-element-7b82607 e-flex e-con-boxed e-con e-parent\" data-id=\"7b82607\" data-element_type=\"container\" data-e-type=\"container\" data-settings=\"{&quot;background_background&quot;:&quot;classic&quot;}\">\n\t\t\t\t\t<div class=\"e-con-inner\">\n\t\t<div class=\"elementor-element elementor-element-ad4db5f e-con-full e-flex e-con e-child\" data-id=\"ad4db5f\" data-element_type=\"container\" data-e-type=\"container\" data-settings=\"{&quot;background_background&quot;:&quot;classic&quot;}\">\n\t\t\t\t<div class=\"elementor-element elementor-element-7bf7bd4 elementor-widget elementor-widget-image\" data-id=\"7bf7bd4\" data-element_type=\"widget\" data-e-type=\"widget\" data-widget_type=\"image.default\">\n\t\t\t\t<div class=\"elementor-widget-container\">\n\t\t\t\t\t\t\t\t\t\t\t\t\t\t\t<img fetchpriority=\"high\" decoding=\"async\" width=\"300\" height=\"278\" src=\"https:\/\/bekosher.eu\/wp-content\/uploads\/2025\/06\/FLECHA-BK.png\" class=\"attachment-large size-large wp-image-2638\" alt=\"Be Kosher - Belong to Kosher Standars\" \/>\t\t\t\t\t\t\t\t\t\t\t\t\t\t\t<\/div>\n\t\t\t\t<\/div>\n\t\t\t\t<div class=\"elementor-element elementor-element-ee56f21 elementor-widget__width-initial animated-slow elementor-invisible elementor-widget elementor-widget-heading\" data-id=\"ee56f21\" data-element_type=\"widget\" data-e-type=\"widget\" data-settings=\"{&quot;_animation&quot;:&quot;fadeIn&quot;}\" data-widget_type=\"heading.default\">\n\t\t\t\t<div class=\"elementor-widget-container\">\n\t\t\t\t\t<h3 class=\"elementor-heading-title elementor-size-default\">Politique en mati\u00e8re de cookies.<\/h3>\t\t\t\t<\/div>\n\t\t\t\t<\/div>\n\t\t\t\t<div class=\"elementor-element elementor-element-5c8295b elementor-widget elementor-widget-text-editor\" data-id=\"5c8295b\" data-element_type=\"widget\" data-e-type=\"widget\" data-widget_type=\"text-editor.default\">\n\t\t\t\t<div class=\"elementor-widget-container\">\n\t\t\t\t\t\t\t\t\t<strong>Qu&rsquo;est-ce qu&rsquo;un cookie ?<\/strong>\nUn cookie est un fichier qui est enregistr\u00e9 sur votre ordinateur lorsque vous acc\u00e9dez \u00e0 certaines pages web. Les cookies permettent notamment \u00e0 un site web de stocker et de r\u00e9cup\u00e9rer des informations sur les habitudes de navigation d&rsquo;un utilisateur ou de son appareil et, en fonction des informations qu&rsquo;ils contiennent et de la mani\u00e8re dont vous utilisez votre appareil, ils peuvent servir \u00e0 reconna\u00eetre l&rsquo;utilisateur.\t\t\t\t\t\t\t\t<\/div>\n\t\t\t\t<\/div>\n\t\t\t\t<div class=\"elementor-element elementor-element-9defd29 elementor-widget elementor-widget-text-editor\" data-id=\"9defd29\" data-element_type=\"widget\" data-e-type=\"widget\" data-widget_type=\"text-editor.default\">\n\t\t\t\t<div class=\"elementor-widget-container\">\n\t\t\t\t\t\t\t\t\t<p><strong>Quels sont les diff\u00e9rents types de cookies ?<\/strong><br \/>Il existe plusieurs types de cookies, class\u00e9s selon diff\u00e9rents crit\u00e8res :<\/p><p><span style=\"color: #999999;\"><strong>En fonction de leur dur\u00e9e de vie :<\/strong><\/span><\/p><p><strong>&#8211; Cookies de session.<\/strong> Il s&rsquo;agit d&rsquo;un type de cookies con\u00e7us pour collecter et stocker des donn\u00e9es pendant que l&rsquo;utilisateur consulte un site web.<br \/><strong>-Cookies permanents.<\/strong> Il s&rsquo;agit d&rsquo;un type de cookies dans lequel les donn\u00e9es restent stock\u00e9es sur le terminal et peuvent \u00eatre consult\u00e9es et trait\u00e9es pendant une p\u00e9riode d\u00e9finie par le responsable du cookie.<\/p><p><span style=\"color: #999999;\"><strong>En fonction de la propri\u00e9t\u00e9 :<\/strong><\/span><\/p><p><strong>-Cookies propres.<\/strong> Ce sont ceux qui appartiennent \u00e0 nuriaguardia.es<br \/><strong>-Cookies tiers.<\/strong> Ce sont ceux dont la propri\u00e9t\u00e9 appartient \u00e0 un tiers, autre que nuriaguardia.es, qui sera charg\u00e9 de traiter les informations collect\u00e9es.<\/p><p><span style=\"color: #999999;\"><strong>En fonction de leur finalit\u00e9 :<\/strong><\/span><\/p><p><strong>-Cookies techniques et\/ou de personnalisation.<\/strong> Ce sont ceux qui servent \u00e0 am\u00e9liorer le service, \u00e0 localiser les incidents, \u00e0 reconna\u00eetre l&rsquo;utilisateur, etc.<br \/><strong>-Cookies d&rsquo;analyse et\/ou publicitaires.<\/strong> Ce sont ceux qui servent \u00e0 analyser les informations de navigation et \u00e0 proposer de la publicit\u00e9, qu&rsquo;elle soit g\u00e9n\u00e9rique ou personnalis\u00e9e.<\/p>\t\t\t\t\t\t\t\t<\/div>\n\t\t\t\t<\/div>\n\t\t\t\t<div class=\"elementor-element elementor-element-769b1ad elementor-widget elementor-widget-text-editor\" data-id=\"769b1ad\" data-element_type=\"widget\" data-e-type=\"widget\" data-widget_type=\"text-editor.default\">\n\t\t\t\t<div class=\"elementor-widget-container\">\n\t\t\t\t\t\t\t\t\t<p><strong>Quels sont les types de cookies les plus courants ?<\/strong><strong>&#8211;<\/strong><\/p><p><strong>TECHNIQUES :<\/strong> Il s&rsquo;agit de cookies PROPRES, de session, d&rsquo;identification, de configuration et d&rsquo;enregistrement, strictement n\u00e9cessaires \u00e0 l&rsquo;identification de l&rsquo;utilisateur et \u00e0 la fourniture des services demand\u00e9s par celui-ci. Les informations obtenues par leur interm\u00e9diaire sont trait\u00e9es uniquement par nuriaguardia.es.<\/p><p><strong>-D&rsquo;ANALYSE :<\/strong> Il s&rsquo;agit de cookies qui, qu&rsquo;ils soient trait\u00e9s par nous-m\u00eames ou par des tiers, nous permettent de quantifier le nombre d&rsquo;utilisateurs et ainsi de r\u00e9aliser la mesure et l&rsquo;analyse statistique de l&rsquo;utilisation que font les utilisateurs du service propos\u00e9. Pour ce faire, nous analysons votre navigation sur notre site web afin d&rsquo;am\u00e9liorer l&rsquo;offre de produits ou de services que nous vous proposons.<\/p><p><strong>-DE PUBLICIT\u00c9 :<\/strong> Il s&rsquo;agit des cookies qui, qu&rsquo;ils soient trait\u00e9s par nous-m\u00eames ou par des tiers, permettent de g\u00e9rer, de la mani\u00e8re la plus efficace possible, les espaces publicitaires pouvant \u00eatre inclus sur notre site web et\/ou stockent des informations sur le comportement des utilisateurs obtenues par une observation continue. Gr\u00e2ce \u00e0 eux, nous pouvons conna\u00eetre vos habitudes de navigation sur Internet et vous pr\u00e9senter des publicit\u00e9s en rapport avec votre profil de navigation.<\/p>\t\t\t\t\t\t\t\t<\/div>\n\t\t\t\t<\/div>\n\t\t\t\t<div class=\"elementor-element elementor-element-4ea3091 elementor-widget elementor-widget-text-editor\" data-id=\"4ea3091\" data-element_type=\"widget\" data-e-type=\"widget\" data-widget_type=\"text-editor.default\">\n\t\t\t\t<div class=\"elementor-widget-container\">\n\t\t\t\t\t\t\t\t\t<p><strong>\u00c0 quoi sert un cookie ?<\/strong><br \/>Les cookies sont utilis\u00e9s pour vous proposer des services et\/ou des publicit\u00e9s personnalis\u00e9s, pour analyser le fonctionnement du syst\u00e8me, vous reconna\u00eetre lorsque vous vous connectez en tant qu&rsquo;utilisateur, identifier les incidents et les probl\u00e8mes pouvant survenir et les r\u00e9soudre dans les meilleurs d\u00e9lais, ainsi que pour analyser et mesurer l&rsquo;utilisation et l&rsquo;activit\u00e9 du site web.<\/p>\t\t\t\t\t\t\t\t<\/div>\n\t\t\t\t<\/div>\n\t\t\t\t<div class=\"elementor-element elementor-element-9b6523f elementor-widget elementor-widget-text-editor\" data-id=\"9b6523f\" data-element_type=\"widget\" data-e-type=\"widget\" data-widget_type=\"text-editor.default\">\n\t\t\t\t<div class=\"elementor-widget-container\">\n\t\t\t\t\t\t\t\t\t<p><strong>Mon consentement est-il n\u00e9cessaire pour installer un cookie ?<\/strong><\/p><p>Le consentement n&rsquo;est pas requis pour l&rsquo;installation de cookies techniques ou de ceux qui sont strictement n\u00e9cessaires \u00e0 la fourniture d&rsquo;un service de la soci\u00e9t\u00e9 de l&rsquo;information express\u00e9ment demand\u00e9 par le destinataire.<\/p><p>Pour les autres cookies, le consentement de la personne concern\u00e9e est requis et peut \u00eatre demand\u00e9 de diff\u00e9rentes mani\u00e8res. Dans le cas de nuriaguardia.es, ce consentement sera consid\u00e9r\u00e9 comme donn\u00e9 si vous continuez \u00e0 utiliser le site web, sans pr\u00e9judice de la possibilit\u00e9 de le r\u00e9voquer \u00e0 tout moment et de d\u00e9sactiver les cookies.<\/p>\t\t\t\t\t\t\t\t<\/div>\n\t\t\t\t<\/div>\n\t\t\t\t<div class=\"elementor-element elementor-element-2f34e97 elementor-widget elementor-widget-text-editor\" data-id=\"2f34e97\" data-element_type=\"widget\" data-e-type=\"widget\" data-widget_type=\"text-editor.default\">\n\t\t\t\t<div class=\"elementor-widget-container\">\n\t\t\t\t\t\t\t\t\t<p><strong>Voici les cookies utilis\u00e9s par ce site web :<\/strong><\/p>\t\t\t\t\t\t\t\t<\/div>\n\t\t\t\t<\/div>\n\t\t\t\t<div class=\"elementor-element elementor-element-7c213d2 elementor-widget elementor-widget-text-editor\" data-id=\"7c213d2\" data-element_type=\"widget\" data-e-type=\"widget\" data-widget_type=\"text-editor.default\">\n\t\t\t\t<div class=\"elementor-widget-container\">\n\t\t\t\t\t\t\t\t\t<div id=\"cmplz-cookies-overview\"><\/div>\t\t\t\t\t\t\t\t<\/div>\n\t\t\t\t<\/div>\n\t\t\t\t<\/div>\n\t\t\t\t\t<\/div>\n\t\t\t\t<\/div>\n\t\t\t\t<\/div>\n\t\t","protected":false},"excerpt":{"rendered":"<p>Politique en mati\u00e8re de cookies. Qu&rsquo;est-ce qu&rsquo;un cookie ? Un cookie est un fichier qui est enregistr\u00e9 sur votre ordinateur lorsque vous acc\u00e9dez \u00e0 certaines pages web. Les cookies permettent notamment \u00e0 un site web de stocker et de r\u00e9cup\u00e9rer des informations sur les habitudes de navigation d&rsquo;un utilisateur ou de son appareil et, en [&hellip;]<\/p>\n","protected":false},"author":1,"featured_media":2628,"parent":0,"menu_order":0,"comment_status":"closed","ping_status":"closed","template":"elementor_header_footer","meta":{"_seopress_robots_primary_cat":"","_seopress_titles_title":"Pol\u00edtica de cookies","_seopress_titles_desc":"Politique en mati\u00e8re de cookies","_seopress_robots_index":"yes","footnotes":""},"class_list":["post-2627","page","type-page","status-publish","has-post-thumbnail","hentry"],"_links":{"self":[{"href":"https:\/\/bekosher.eu\/fr\/wp-json\/wp\/v2\/pages\/2627","targetHints":{"allow":["GET"]}}],"collection":[{"href":"https:\/\/bekosher.eu\/fr\/wp-json\/wp\/v2\/pages"}],"about":[{"href":"https:\/\/bekosher.eu\/fr\/wp-json\/wp\/v2\/types\/page"}],"author":[{"embeddable":true,"href":"https:\/\/bekosher.eu\/fr\/wp-json\/wp\/v2\/users\/1"}],"replies":[{"embeddable":true,"href":"https:\/\/bekosher.eu\/fr\/wp-json\/wp\/v2\/comments?post=2627"}],"version-history":[{"count":4,"href":"https:\/\/bekosher.eu\/fr\/wp-json\/wp\/v2\/pages\/2627\/revisions"}],"predecessor-version":[{"id":2705,"href":"https:\/\/bekosher.eu\/fr\/wp-json\/wp\/v2\/pages\/2627\/revisions\/2705"}],"wp:featuredmedia":[{"embeddable":true,"href":"https:\/\/bekosher.eu\/fr\/wp-json\/wp\/v2\/media\/2628"}],"wp:attachment":[{"href":"https:\/\/bekosher.eu\/fr\/wp-json\/wp\/v2\/media?parent=2627"}],"curies":[{"name":"wp","href":"https:\/\/api.w.org\/{rel}","templated":true}]}}