{"id":2629,"date":"2025-07-03T15:23:08","date_gmt":"2025-07-03T15:23:08","guid":{"rendered":"https:\/\/bekosher.eu\/aviso-legal-politica-privacidad\/"},"modified":"2026-04-27T07:03:25","modified_gmt":"2026-04-27T07:03:25","slug":"aviso-legal-politica-privacidad","status":"publish","type":"page","link":"https:\/\/bekosher.eu\/fr\/aviso-legal-politica-privacidad\/","title":{"rendered":"Mentions l\u00e9gales et politique de confidentialit\u00e9"},"content":{"rendered":"\t\t<div data-elementor-type=\"wp-page\" data-elementor-id=\"2629\" class=\"elementor elementor-2629 elementor-2489\" data-elementor-post-type=\"page\">\n\t\t\t\t<div class=\"elementor-element elementor-element-7b82607 e-flex e-con-boxed e-con e-parent\" data-id=\"7b82607\" data-element_type=\"container\" data-e-type=\"container\" data-settings=\"{&quot;background_background&quot;:&quot;classic&quot;}\">\n\t\t\t\t\t<div class=\"e-con-inner\">\n\t\t<div class=\"elementor-element elementor-element-ad4db5f e-con-full e-flex e-con e-child\" data-id=\"ad4db5f\" data-element_type=\"container\" data-e-type=\"container\" data-settings=\"{&quot;background_background&quot;:&quot;classic&quot;}\">\n\t\t\t\t<div class=\"elementor-element elementor-element-7bf7bd4 elementor-widget elementor-widget-image\" data-id=\"7bf7bd4\" data-element_type=\"widget\" data-e-type=\"widget\" data-widget_type=\"image.default\">\n\t\t\t\t<div class=\"elementor-widget-container\">\n\t\t\t\t\t\t\t\t\t\t\t\t\t\t\t<img fetchpriority=\"high\" decoding=\"async\" width=\"300\" height=\"278\" src=\"https:\/\/bekosher.eu\/wp-content\/uploads\/2025\/06\/FLECHA-BK.png\" class=\"attachment-large size-large wp-image-2638\" alt=\"Be Kosher - Belong to Kosher Standars\" \/>\t\t\t\t\t\t\t\t\t\t\t\t\t\t\t<\/div>\n\t\t\t\t<\/div>\n\t\t\t\t<div class=\"elementor-element elementor-element-ee56f21 elementor-widget__width-initial animated-slow elementor-invisible elementor-widget elementor-widget-heading\" data-id=\"ee56f21\" data-element_type=\"widget\" data-e-type=\"widget\" data-settings=\"{&quot;_animation&quot;:&quot;fadeIn&quot;}\" data-widget_type=\"heading.default\">\n\t\t\t\t<div class=\"elementor-widget-container\">\n\t\t\t\t\t<h3 class=\"elementor-heading-title elementor-size-default\">Mentions l\u00e9gales.<\/h3>\t\t\t\t<\/div>\n\t\t\t\t<\/div>\n\t\t\t\t<div class=\"elementor-element elementor-element-594e027 elementor-widget elementor-widget-text-editor\" data-id=\"594e027\" data-element_type=\"widget\" data-e-type=\"widget\" data-widget_type=\"text-editor.default\">\n\t\t\t\t<div class=\"elementor-widget-container\">\n\t\t\t\t\t\t\t\t\t<strong>Informations sur la Partie Responsable<\/strong>\n\nCe site web est exploit\u00e9 par MGBIJ INTERNATIONAL LIMITED, une soci\u00e9t\u00e9 enregistr\u00e9e \u00e0 Gibraltar sous le num\u00e9ro d\u2019enregistrement 727363, dont le si\u00e8ge social est situ\u00e9 au 269 Main Street, Gibraltar.\n\n<strong>Contact :<\/strong>\nEmail : mb@bekosher.eu\n\nT\u00e9l\u00e9phone : +34 654 541 081\t\t\t\t\t\t\t\t<\/div>\n\t\t\t\t<\/div>\n\t\t\t\t<div class=\"elementor-element elementor-element-c16aa47 elementor-widget elementor-widget-text-editor\" data-id=\"c16aa47\" data-element_type=\"widget\" data-e-type=\"widget\" data-widget_type=\"text-editor.default\">\n\t\t\t\t<div class=\"elementor-widget-container\">\n\t\t\t\t\t\t\t\t\t<strong>Propri\u00e9t\u00e9 Intellectuelle<\/strong>\n\nTous les contenus de ce site web, y compris les textes, logos, graphiques et images, sont la propri\u00e9t\u00e9 de MGBIJ INTERNATIONAL LIMITED ou de ses fournisseurs de contenu, et sont prot\u00e9g\u00e9s par les lois applicables en mati\u00e8re de propri\u00e9t\u00e9 intellectuelle. Leur reproduction ou utilisation est interdite sans autorisation \u00e9crite pr\u00e9alable.\t\t\t\t\t\t\t\t<\/div>\n\t\t\t\t<\/div>\n\t\t\t\t<div class=\"elementor-element elementor-element-4e92e9e elementor-widget elementor-widget-text-editor\" data-id=\"4e92e9e\" data-element_type=\"widget\" data-e-type=\"widget\" data-widget_type=\"text-editor.default\">\n\t\t\t\t<div class=\"elementor-widget-container\">\n\t\t\t\t\t\t\t\t\t<p><strong>Exclusion de Responsabilit\u00e9<\/strong><\/p><p>Les informations fournies sur ce site web sont uniquement \u00e0 caract\u00e8re informatif. Bien que nous nous efforcions de maintenir les informations \u00e0 jour et exactes, MGBIJ INTERNATIONAL LIMITED ne garantit pas l\u2019exactitude, l\u2019exhaustivit\u00e9 ou l\u2019ad\u00e9quation des contenus, et ne saurait \u00eatre tenue responsable d\u2019\u00e9ventuelles erreurs ou omissions.<\/p>\t\t\t\t\t\t\t\t<\/div>\n\t\t\t\t<\/div>\n\t\t\t\t<div class=\"elementor-element elementor-element-291cf4c elementor-widget elementor-widget-text-editor\" data-id=\"291cf4c\" data-element_type=\"widget\" data-e-type=\"widget\" data-widget_type=\"text-editor.default\">\n\t\t\t\t<div class=\"elementor-widget-container\">\n\t\t\t\t\t\t\t\t\t<p><b>Liens Externes<\/b><br \/>Ce site web peut contenir des liens vers des sites web externes. MGBIJ INTERNATIONAL LIMITED ne saurait \u00eatre tenue responsable des contenus ni de la disponibilit\u00e9 de ces sites externes.<br \/>Ce site web peut contenir des liens vers des sites web externes. MGBIJ INTERNATIONAL LIMITED ne saurait \u00eatre tenue responsable des contenus ni de la disponibilit\u00e9 de ces sites externes.<\/p>\t\t\t\t\t\t\t\t<\/div>\n\t\t\t\t<\/div>\n\t\t\t\t<div class=\"elementor-element elementor-element-d3ccb1d elementor-widget elementor-widget-text-editor\" data-id=\"d3ccb1d\" data-element_type=\"widget\" data-e-type=\"widget\" data-widget_type=\"text-editor.default\">\n\t\t\t\t<div class=\"elementor-widget-container\">\n\t\t\t\t\t\t\t\t\t<p><strong>L\u00e9gislation Applicable<\/strong><br \/>Les pr\u00e9sentes conditions seront r\u00e9gies et interpr\u00e9t\u00e9es conform\u00e9ment aux lois de Gibraltar. Tout litige sera soumis \u00e0 la juridiction exclusive des tribunaux de Gibraltar.<\/p>\t\t\t\t\t\t\t\t<\/div>\n\t\t\t\t<\/div>\n\t\t\t\t<div class=\"elementor-element elementor-element-aba7dc8 elementor-widget elementor-widget-image\" data-id=\"aba7dc8\" data-element_type=\"widget\" data-e-type=\"widget\" data-widget_type=\"image.default\">\n\t\t\t\t<div class=\"elementor-widget-container\">\n\t\t\t\t\t\t\t\t\t\t\t\t\t\t\t<img fetchpriority=\"high\" decoding=\"async\" width=\"300\" height=\"278\" src=\"https:\/\/bekosher.eu\/wp-content\/uploads\/2025\/06\/FLECHA-BK.png\" class=\"attachment-large size-large wp-image-2638\" alt=\"Be Kosher - Belong to Kosher Standars\" \/>\t\t\t\t\t\t\t\t\t\t\t\t\t\t\t<\/div>\n\t\t\t\t<\/div>\n\t\t\t\t<div class=\"elementor-element elementor-element-2f7d9f7 elementor-widget__width-initial animated-slow elementor-invisible elementor-widget elementor-widget-heading\" data-id=\"2f7d9f7\" data-element_type=\"widget\" data-e-type=\"widget\" data-settings=\"{&quot;_animation&quot;:&quot;fadeIn&quot;}\" data-widget_type=\"heading.default\">\n\t\t\t\t<div class=\"elementor-widget-container\">\n\t\t\t\t\t<h3 class=\"elementor-heading-title elementor-size-default\">Politique de confidentialit\u00e9.<\/h3>\t\t\t\t<\/div>\n\t\t\t\t<\/div>\n\t\t\t\t<div class=\"elementor-element elementor-element-29a00ea elementor-widget elementor-widget-text-editor\" data-id=\"29a00ea\" data-element_type=\"widget\" data-e-type=\"widget\" data-widget_type=\"text-editor.default\">\n\t\t\t\t<div class=\"elementor-widget-container\">\n\t\t\t\t\t\t\t\t\t<strong>Donn\u00e9es que nous collectons<\/strong>\n\nNous pouvons collecter des donn\u00e9es personnelles telles que votre nom, votre adresse e-mail, votre num\u00e9ro de t\u00e9l\u00e9phone et vos informations de navigation lorsque vous interagissez avec le site web.\t\t\t\t\t\t\t\t<\/div>\n\t\t\t\t<\/div>\n\t\t\t\t<div class=\"elementor-element elementor-element-863c3c5 elementor-widget elementor-widget-text-editor\" data-id=\"863c3c5\" data-element_type=\"widget\" data-e-type=\"widget\" data-widget_type=\"text-editor.default\">\n\t\t\t\t<div class=\"elementor-widget-container\">\n\t\t\t\t\t\t\t\t\t<p><strong>Finalit\u00e9 du traitement<\/strong><\/p><p>Les donn\u00e9es collect\u00e9es sont utilis\u00e9es pour\u00a0:<\/p><p>\u2022 R\u00e9pondre aux demandes d\u2019information.<\/p><p>\u2022 G\u00e9rer les demandes de service.<\/p><p>\u2022 Am\u00e9liorer l\u2019exp\u00e9rience de navigation.<\/p><p>\u2022 Respecter les obligations l\u00e9gales.<\/p>\t\t\t\t\t\t\t\t<\/div>\n\t\t\t\t<\/div>\n\t\t\t\t<div class=\"elementor-element elementor-element-d57837a elementor-widget elementor-widget-text-editor\" data-id=\"d57837a\" data-element_type=\"widget\" data-e-type=\"widget\" data-widget_type=\"text-editor.default\">\n\t\t\t\t<div class=\"elementor-widget-container\">\n\t\t\t\t\t\t\t\t\tBase juridique du traitement\u00a0:\n\nLe traitement des donn\u00e9es repose sur le consentement de l\u2019utilisateur, l\u2019ex\u00e9cution d\u2019un contrat ou le respect d\u2019obligations l\u00e9gales.\t\t\t\t\t\t\t\t<\/div>\n\t\t\t\t<\/div>\n\t\t\t\t<div class=\"elementor-element elementor-element-7f12766 elementor-widget elementor-widget-text-editor\" data-id=\"7f12766\" data-element_type=\"widget\" data-e-type=\"widget\" data-widget_type=\"text-editor.default\">\n\t\t\t\t<div class=\"elementor-widget-container\">\n\t\t\t\t\t\t\t\t\t<p><strong>Droits des utilisateur<\/strong><\/p><p>Conform\u00e9ment au RGPD, les utilisateurs peuvent exercer leurs droits d&rsquo;acc\u00e8s, de rectification, d&rsquo;effacement, de limitation du traitement, de portabilit\u00e9 des donn\u00e9es et d&rsquo;opposition en envoyant une demande \u00e0 mb@bekosher.eu, accompagn\u00e9e d&rsquo;une copie de leur pi\u00e8ce d&rsquo;identit\u00e9 afin de la v\u00e9rifier.<\/p>\t\t\t\t\t\t\t\t<\/div>\n\t\t\t\t<\/div>\n\t\t\t\t<div class=\"elementor-element elementor-element-5bff592 elementor-widget elementor-widget-text-editor\" data-id=\"5bff592\" data-element_type=\"widget\" data-e-type=\"widget\" data-widget_type=\"text-editor.default\">\n\t\t\t\t<div class=\"elementor-widget-container\">\n\t\t\t\t\t\t\t\t\t<p><strong>Conservation des donn\u00e9es<\/strong><\/p><p>Les donn\u00e9es seront conserv\u00e9es aussi longtemps que n\u00e9cessaire pour atteindre l&rsquo;objectif pour lequel elles ont \u00e9t\u00e9 collect\u00e9es ou pendant les dur\u00e9es l\u00e9gales pr\u00e9vues.<\/p>\t\t\t\t\t\t\t\t<\/div>\n\t\t\t\t<\/div>\n\t\t\t\t<div class=\"elementor-element elementor-element-e3e2775 elementor-widget elementor-widget-text-editor\" data-id=\"e3e2775\" data-element_type=\"widget\" data-e-type=\"widget\" data-widget_type=\"text-editor.default\">\n\t\t\t\t<div class=\"elementor-widget-container\">\n\t\t\t\t\t\t\t\t\t<p><strong>Cookies<\/strong><\/p><p>Ce site web utilise des cookies pour am\u00e9liorer votre exp\u00e9rience de navigation. En utilisant ce site web, vous acceptez l&rsquo;utilisation de cookies conform\u00e9ment \u00e0 notre politique en mati\u00e8re de cookies.<\/p>\t\t\t\t\t\t\t\t<\/div>\n\t\t\t\t<\/div>\n\t\t\t\t<\/div>\n\t\t\t\t\t<\/div>\n\t\t\t\t<\/div>\n\t\t\t\t<\/div>\n\t\t","protected":false},"excerpt":{"rendered":"<p>Mentions l\u00e9gales. Informations sur la Partie Responsable Ce site web est exploit\u00e9 par MGBIJ INTERNATIONAL LIMITED, une soci\u00e9t\u00e9 enregistr\u00e9e \u00e0 Gibraltar sous le num\u00e9ro d\u2019enregistrement 727363, dont le si\u00e8ge social est situ\u00e9 au 269 Main Street, Gibraltar. Contact : Email : mb@bekosher.eu T\u00e9l\u00e9phone : +34 654 541 081Propri\u00e9t\u00e9 Intellectuelle Tous les contenus de ce site [&hellip;]<\/p>\n","protected":false},"author":1,"featured_media":2628,"parent":0,"menu_order":0,"comment_status":"closed","ping_status":"closed","template":"elementor_header_footer","meta":{"_seopress_robots_primary_cat":"","_seopress_titles_title":"Aviso legal y Pol\u00edtica de privacidad","_seopress_titles_desc":"Aviso legal y Pol\u00edtica de privacidad","_seopress_robots_index":"yes","footnotes":""},"class_list":["post-2629","page","type-page","status-publish","has-post-thumbnail","hentry"],"_links":{"self":[{"href":"https:\/\/bekosher.eu\/fr\/wp-json\/wp\/v2\/pages\/2629","targetHints":{"allow":["GET"]}}],"collection":[{"href":"https:\/\/bekosher.eu\/fr\/wp-json\/wp\/v2\/pages"}],"about":[{"href":"https:\/\/bekosher.eu\/fr\/wp-json\/wp\/v2\/types\/page"}],"author":[{"embeddable":true,"href":"https:\/\/bekosher.eu\/fr\/wp-json\/wp\/v2\/users\/1"}],"replies":[{"embeddable":true,"href":"https:\/\/bekosher.eu\/fr\/wp-json\/wp\/v2\/comments?post=2629"}],"version-history":[{"count":4,"href":"https:\/\/bekosher.eu\/fr\/wp-json\/wp\/v2\/pages\/2629\/revisions"}],"predecessor-version":[{"id":2699,"href":"https:\/\/bekosher.eu\/fr\/wp-json\/wp\/v2\/pages\/2629\/revisions\/2699"}],"wp:featuredmedia":[{"embeddable":true,"href":"https:\/\/bekosher.eu\/fr\/wp-json\/wp\/v2\/media\/2628"}],"wp:attachment":[{"href":"https:\/\/bekosher.eu\/fr\/wp-json\/wp\/v2\/media?parent=2629"}],"curies":[{"name":"wp","href":"https:\/\/api.w.org\/{rel}","templated":true}]}}